{"id":15,"date":"2025-01-06T10:30:29","date_gmt":"2025-01-06T10:30:29","guid":{"rendered":"https:\/\/soca-root-spirit.com\/wordpress\/?page_id=15"},"modified":"2025-01-08T05:37:57","modified_gmt":"2025-01-08T05:37:57","slug":"root-crafting","status":"publish","type":"page","link":"https:\/\/soca-root-spirit.com\/wordpress\/index.php\/root-crafting\/","title":{"rendered":"ROOT CRAFTING"},"content":{"rendered":"<pre><code>            <div id=\"filterable-portfolio\" class=\"filterable-portfolio\">\n\t\t\t\t                <div id=\"portfolio-items\" class=\"grids portfolio-items fp-theme-two\">\n\t\t\t\t\t<div id=\"id-146\" class=\"filterable-portfolio-item portfolio-item grid xs12 s6 m4 l4\">\n    <figure class=\"filterable-portfolio-item__content\">\n        <a href=\"https:\/\/soca-root-spirit.com\/wordpress\/index.php\/portfolio\/smaragdno-jezero-zvezd\/\" rel=\"bookmark\" class=\"filterable-portfolio-item__media\">\n\t\t\t<img loading=\"lazy\" decoding=\"async\" width=\"640\" height=\"323\" src=\"https:\/\/soca-root-spirit.com\/wordpress\/wp-content\/uploads\/2025\/05\/20230225_144245-o-768x387.jpg\" class=\"attachment-medium_large size-medium_large\" alt=\"\" srcset=\"https:\/\/soca-root-spirit.com\/wordpress\/wp-content\/uploads\/2025\/05\/20230225_144245-o-768x387.jpg 768w, https:\/\/soca-root-spirit.com\/wordpress\/wp-content\/uploads\/2025\/05\/20230225_144245-o-300x151.jpg 300w, https:\/\/soca-root-spirit.com\/wordpress\/wp-content\/uploads\/2025\/05\/20230225_144245-o-1024x516.jpg 1024w, https:\/\/soca-root-spirit.com\/wordpress\/wp-content\/uploads\/2025\/05\/20230225_144245-o.jpg 1500w\" sizes=\"auto, (max-width: 640px) 100vw, 640px\" \/>        <\/a>\n        <figcaption class=\"filterable-portfolio-item__supporting-text\">\n            <h4 class=\"filterable-portfolio-item__title\">Smaragdno jezero zvezd<\/h4>\n            <a href=\"https:\/\/soca-root-spirit.com\/wordpress\/index.php\/portfolio\/smaragdno-jezero-zvezd\/\" rel=\"bookmark\"\n               class=\"button filterable-portfolio-item__action\">Details<\/a>\n        <\/figcaption>\n    <\/figure>\n<\/div>\n<div id=\"id-124\" class=\"filterable-portfolio-item portfolio-item grid xs12 s6 m4 l4\">\n    <figure class=\"filterable-portfolio-item__content\">\n        <a href=\"https:\/\/soca-root-spirit.com\/wordpress\/index.php\/portfolio\/svecnik-za-cajno-svecko-spirala\/\" rel=\"bookmark\" class=\"filterable-portfolio-item__media\">\n\t\t\t<img loading=\"lazy\" decoding=\"async\" width=\"640\" height=\"800\" src=\"https:\/\/soca-root-spirit.com\/wordpress\/wp-content\/uploads\/2025\/01\/20250104_162542-768x960.jpg\" class=\"attachment-medium_large size-medium_large\" alt=\"\" srcset=\"https:\/\/soca-root-spirit.com\/wordpress\/wp-content\/uploads\/2025\/01\/20250104_162542-768x960.jpg 768w, https:\/\/soca-root-spirit.com\/wordpress\/wp-content\/uploads\/2025\/01\/20250104_162542-240x300.jpg 240w, https:\/\/soca-root-spirit.com\/wordpress\/wp-content\/uploads\/2025\/01\/20250104_162542-819x1024.jpg 819w, https:\/\/soca-root-spirit.com\/wordpress\/wp-content\/uploads\/2025\/01\/20250104_162542.jpg 1000w\" sizes=\"auto, (max-width: 640px) 100vw, 640px\" \/>        <\/a>\n        <figcaption class=\"filterable-portfolio-item__supporting-text\">\n            <h4 class=\"filterable-portfolio-item__title\">Sve\u010dnik za \u010dajno sve\u010dko &#8220;Spirala&#8221;<\/h4>\n            <a href=\"https:\/\/soca-root-spirit.com\/wordpress\/index.php\/portfolio\/svecnik-za-cajno-svecko-spirala\/\" rel=\"bookmark\"\n               class=\"button filterable-portfolio-item__action\">Details<\/a>\n        <\/figcaption>\n    <\/figure>\n<\/div>\n<div id=\"id-120\" class=\"filterable-portfolio-item portfolio-item grid xs12 s6 m4 l4\">\n    <figure class=\"filterable-portfolio-item__content\">\n        <a href=\"https:\/\/soca-root-spirit.com\/wordpress\/index.php\/portfolio\/jezero-v-duplini\/\" rel=\"bookmark\" class=\"filterable-portfolio-item__media\">\n\t\t\t<img loading=\"lazy\" decoding=\"async\" width=\"640\" height=\"1187\" src=\"https:\/\/soca-root-spirit.com\/wordpress\/wp-content\/uploads\/2025\/01\/20250104_162508-768x1424.jpg\" class=\"attachment-medium_large size-medium_large\" alt=\"\" srcset=\"https:\/\/soca-root-spirit.com\/wordpress\/wp-content\/uploads\/2025\/01\/20250104_162508-768x1424.jpg 768w, https:\/\/soca-root-spirit.com\/wordpress\/wp-content\/uploads\/2025\/01\/20250104_162508-162x300.jpg 162w, https:\/\/soca-root-spirit.com\/wordpress\/wp-content\/uploads\/2025\/01\/20250104_162508-552x1024.jpg 552w, https:\/\/soca-root-spirit.com\/wordpress\/wp-content\/uploads\/2025\/01\/20250104_162508-828x1536.jpg 828w, https:\/\/soca-root-spirit.com\/wordpress\/wp-content\/uploads\/2025\/01\/20250104_162508.jpg 1000w\" sizes=\"auto, (max-width: 640px) 100vw, 640px\" \/>        <\/a>\n        <figcaption class=\"filterable-portfolio-item__supporting-text\">\n            <h4 class=\"filterable-portfolio-item__title\">Jezero v duplini<\/h4>\n            <a href=\"https:\/\/soca-root-spirit.com\/wordpress\/index.php\/portfolio\/jezero-v-duplini\/\" rel=\"bookmark\"\n               class=\"button filterable-portfolio-item__action\">Details<\/a>\n        <\/figcaption>\n    <\/figure>\n<\/div>\n<div id=\"id-116\" class=\"filterable-portfolio-item portfolio-item grid xs12 s6 m4 l4\">\n    <figure class=\"filterable-portfolio-item__content\">\n        <a href=\"https:\/\/soca-root-spirit.com\/wordpress\/index.php\/portfolio\/dva-kamna-vmes\/\" rel=\"bookmark\" class=\"filterable-portfolio-item__media\">\n\t\t\t<img loading=\"lazy\" decoding=\"async\" width=\"640\" height=\"1053\" src=\"https:\/\/soca-root-spirit.com\/wordpress\/wp-content\/uploads\/2025\/01\/20250104_162340-768x1263.jpg\" class=\"attachment-medium_large size-medium_large\" alt=\"\" srcset=\"https:\/\/soca-root-spirit.com\/wordpress\/wp-content\/uploads\/2025\/01\/20250104_162340-768x1263.jpg 768w, https:\/\/soca-root-spirit.com\/wordpress\/wp-content\/uploads\/2025\/01\/20250104_162340-182x300.jpg 182w, https:\/\/soca-root-spirit.com\/wordpress\/wp-content\/uploads\/2025\/01\/20250104_162340-623x1024.jpg 623w, https:\/\/soca-root-spirit.com\/wordpress\/wp-content\/uploads\/2025\/01\/20250104_162340-934x1536.jpg 934w, https:\/\/soca-root-spirit.com\/wordpress\/wp-content\/uploads\/2025\/01\/20250104_162340.jpg 1000w\" sizes=\"auto, (max-width: 640px) 100vw, 640px\" \/>        <\/a>\n        <figcaption class=\"filterable-portfolio-item__supporting-text\">\n            <h4 class=\"filterable-portfolio-item__title\">Dva kamna vmes<\/h4>\n            <a href=\"https:\/\/soca-root-spirit.com\/wordpress\/index.php\/portfolio\/dva-kamna-vmes\/\" rel=\"bookmark\"\n               class=\"button filterable-portfolio-item__action\">Details<\/a>\n        <\/figcaption>\n    <\/figure>\n<\/div>\n<div id=\"id-112\" class=\"filterable-portfolio-item portfolio-item grid xs12 s6 m4 l4\">\n    <figure class=\"filterable-portfolio-item__content\">\n        <a href=\"https:\/\/soca-root-spirit.com\/wordpress\/index.php\/portfolio\/ambientalna-lucka-srcek\/\" rel=\"bookmark\" class=\"filterable-portfolio-item__media\">\n\t\t\t<img loading=\"lazy\" decoding=\"async\" width=\"640\" height=\"854\" src=\"https:\/\/soca-root-spirit.com\/wordpress\/wp-content\/uploads\/2025\/01\/20250104_162228-768x1025.jpg\" class=\"attachment-medium_large size-medium_large\" alt=\"\" srcset=\"https:\/\/soca-root-spirit.com\/wordpress\/wp-content\/uploads\/2025\/01\/20250104_162228-768x1025.jpg 768w, https:\/\/soca-root-spirit.com\/wordpress\/wp-content\/uploads\/2025\/01\/20250104_162228-225x300.jpg 225w, https:\/\/soca-root-spirit.com\/wordpress\/wp-content\/uploads\/2025\/01\/20250104_162228.jpg 1000w\" sizes=\"auto, (max-width: 640px) 100vw, 640px\" \/>        <\/a>\n        <figcaption class=\"filterable-portfolio-item__supporting-text\">\n            <h4 class=\"filterable-portfolio-item__title\">Ambientalna lu\u010dka &#8220;Sr\u010dek&#8221;<\/h4>\n            <a href=\"https:\/\/soca-root-spirit.com\/wordpress\/index.php\/portfolio\/ambientalna-lucka-srcek\/\" rel=\"bookmark\"\n               class=\"button filterable-portfolio-item__action\">Details<\/a>\n        <\/figcaption>\n    <\/figure>\n<\/div>\n<div id=\"id-94\" class=\"filterable-portfolio-item portfolio-item grid xs12 s6 m4 l4\">\n    <figure class=\"filterable-portfolio-item__content\">\n        <a href=\"https:\/\/soca-root-spirit.com\/wordpress\/index.php\/portfolio\/ambientalna-lucka-misticna-gora\/\" rel=\"bookmark\" class=\"filterable-portfolio-item__media\">\n\t\t\t<img loading=\"lazy\" decoding=\"async\" width=\"640\" height=\"746\" src=\"https:\/\/soca-root-spirit.com\/wordpress\/wp-content\/uploads\/2025\/01\/20250104_161929-768x895.jpg\" class=\"attachment-medium_large size-medium_large\" alt=\"\" srcset=\"https:\/\/soca-root-spirit.com\/wordpress\/wp-content\/uploads\/2025\/01\/20250104_161929-768x895.jpg 768w, https:\/\/soca-root-spirit.com\/wordpress\/wp-content\/uploads\/2025\/01\/20250104_161929-257x300.jpg 257w, https:\/\/soca-root-spirit.com\/wordpress\/wp-content\/uploads\/2025\/01\/20250104_161929-878x1024.jpg 878w, https:\/\/soca-root-spirit.com\/wordpress\/wp-content\/uploads\/2025\/01\/20250104_161929.jpg 1000w\" sizes=\"auto, (max-width: 640px) 100vw, 640px\" \/>        <\/a>\n        <figcaption class=\"filterable-portfolio-item__supporting-text\">\n            <h4 class=\"filterable-portfolio-item__title\">Ambientalna lu\u010dka &#8220;Misti\u010dna gora&#8221;<\/h4>\n            <a href=\"https:\/\/soca-root-spirit.com\/wordpress\/index.php\/portfolio\/ambientalna-lucka-misticna-gora\/\" rel=\"bookmark\"\n               class=\"button filterable-portfolio-item__action\">Details<\/a>\n        <\/figcaption>\n    <\/figure>\n<\/div>\n<div id=\"id-90\" class=\"filterable-portfolio-item portfolio-item grid xs12 s6 m4 l4\">\n    <figure class=\"filterable-portfolio-item__content\">\n        <a href=\"https:\/\/soca-root-spirit.com\/wordpress\/index.php\/portfolio\/ambientalna-lucka-vhod-v-tempelj\/\" rel=\"bookmark\" class=\"filterable-portfolio-item__media\">\n\t\t\t<img loading=\"lazy\" decoding=\"async\" width=\"640\" height=\"991\" src=\"https:\/\/soca-root-spirit.com\/wordpress\/wp-content\/uploads\/2025\/01\/20250104_161810-768x1189.jpg\" class=\"attachment-medium_large size-medium_large\" alt=\"\" srcset=\"https:\/\/soca-root-spirit.com\/wordpress\/wp-content\/uploads\/2025\/01\/20250104_161810-768x1189.jpg 768w, https:\/\/soca-root-spirit.com\/wordpress\/wp-content\/uploads\/2025\/01\/20250104_161810-194x300.jpg 194w, https:\/\/soca-root-spirit.com\/wordpress\/wp-content\/uploads\/2025\/01\/20250104_161810-661x1024.jpg 661w, https:\/\/soca-root-spirit.com\/wordpress\/wp-content\/uploads\/2025\/01\/20250104_161810-992x1536.jpg 992w, https:\/\/soca-root-spirit.com\/wordpress\/wp-content\/uploads\/2025\/01\/20250104_161810.jpg 1000w\" sizes=\"auto, (max-width: 640px) 100vw, 640px\" \/>        <\/a>\n        <figcaption class=\"filterable-portfolio-item__supporting-text\">\n            <h4 class=\"filterable-portfolio-item__title\">Ambientalna lu\u010dka (vhod v tempelj)<\/h4>\n            <a href=\"https:\/\/soca-root-spirit.com\/wordpress\/index.php\/portfolio\/ambientalna-lucka-vhod-v-tempelj\/\" rel=\"bookmark\"\n               class=\"button filterable-portfolio-item__action\">Details<\/a>\n        <\/figcaption>\n    <\/figure>\n<\/div>\n<div id=\"id-86\" class=\"filterable-portfolio-item portfolio-item grid xs12 s6 m4 l4\">\n    <figure class=\"filterable-portfolio-item__content\">\n        <a href=\"https:\/\/soca-root-spirit.com\/wordpress\/index.php\/portfolio\/ambientalna-lucka-svetleca-kaca\/\" rel=\"bookmark\" class=\"filterable-portfolio-item__media\">\n\t\t\t<img loading=\"lazy\" decoding=\"async\" width=\"640\" height=\"1149\" src=\"https:\/\/soca-root-spirit.com\/wordpress\/wp-content\/uploads\/2025\/01\/20250104_161654-768x1379.jpg\" class=\"attachment-medium_large size-medium_large\" alt=\"\" srcset=\"https:\/\/soca-root-spirit.com\/wordpress\/wp-content\/uploads\/2025\/01\/20250104_161654-768x1379.jpg 768w, https:\/\/soca-root-spirit.com\/wordpress\/wp-content\/uploads\/2025\/01\/20250104_161654-167x300.jpg 167w, https:\/\/soca-root-spirit.com\/wordpress\/wp-content\/uploads\/2025\/01\/20250104_161654-570x1024.jpg 570w, https:\/\/soca-root-spirit.com\/wordpress\/wp-content\/uploads\/2025\/01\/20250104_161654-855x1536.jpg 855w, https:\/\/soca-root-spirit.com\/wordpress\/wp-content\/uploads\/2025\/01\/20250104_161654.jpg 1000w\" sizes=\"auto, (max-width: 640px) 100vw, 640px\" \/>        <\/a>\n        <figcaption class=\"filterable-portfolio-item__supporting-text\">\n            <h4 class=\"filterable-portfolio-item__title\">Ambientalna lu\u010dka (Svetle\u010da ka\u010da)<\/h4>\n            <a href=\"https:\/\/soca-root-spirit.com\/wordpress\/index.php\/portfolio\/ambientalna-lucka-svetleca-kaca\/\" rel=\"bookmark\"\n               class=\"button filterable-portfolio-item__action\">Details<\/a>\n        <\/figcaption>\n    <\/figure>\n<\/div>\n<div id=\"id-84\" class=\"filterable-portfolio-item portfolio-item grid xs12 s6 m4 l4\">\n    <figure class=\"filterable-portfolio-item__content\">\n        <a href=\"https:\/\/soca-root-spirit.com\/wordpress\/index.php\/portfolio\/ambientalna-lucka-sveca\/\" rel=\"bookmark\" class=\"filterable-portfolio-item__media\">\n\t\t\t<img loading=\"lazy\" decoding=\"async\" width=\"640\" height=\"1259\" src=\"https:\/\/soca-root-spirit.com\/wordpress\/wp-content\/uploads\/2025\/01\/20250104_161448-768x1511.jpg\" class=\"attachment-medium_large size-medium_large\" alt=\"\" srcset=\"https:\/\/soca-root-spirit.com\/wordpress\/wp-content\/uploads\/2025\/01\/20250104_161448-768x1511.jpg 768w, https:\/\/soca-root-spirit.com\/wordpress\/wp-content\/uploads\/2025\/01\/20250104_161448-153x300.jpg 153w, https:\/\/soca-root-spirit.com\/wordpress\/wp-content\/uploads\/2025\/01\/20250104_161448-521x1024.jpg 521w, https:\/\/soca-root-spirit.com\/wordpress\/wp-content\/uploads\/2025\/01\/20250104_161448-781x1536.jpg 781w, https:\/\/soca-root-spirit.com\/wordpress\/wp-content\/uploads\/2025\/01\/20250104_161448.jpg 1000w\" sizes=\"auto, (max-width: 640px) 100vw, 640px\" \/>        <\/a>\n        <figcaption class=\"filterable-portfolio-item__supporting-text\">\n            <h4 class=\"filterable-portfolio-item__title\">Ambientalna lu\u010dka (Sve\u010da)<\/h4>\n            <a href=\"https:\/\/soca-root-spirit.com\/wordpress\/index.php\/portfolio\/ambientalna-lucka-sveca\/\" rel=\"bookmark\"\n               class=\"button filterable-portfolio-item__action\">Details<\/a>\n        <\/figcaption>\n    <\/figure>\n<\/div>\n<div id=\"id-80\" class=\"filterable-portfolio-item portfolio-item grid xs12 s6 m4 l4\">\n    <figure class=\"filterable-portfolio-item__content\">\n        <a href=\"https:\/\/soca-root-spirit.com\/wordpress\/index.php\/portfolio\/ambientalna-lucka-sosko-cudo\/\" rel=\"bookmark\" class=\"filterable-portfolio-item__media\">\n\t\t\t<img loading=\"lazy\" decoding=\"async\" width=\"640\" height=\"1208\" src=\"https:\/\/soca-root-spirit.com\/wordpress\/wp-content\/uploads\/2025\/01\/20250104_161022-768x1449.jpg\" class=\"attachment-medium_large size-medium_large\" alt=\"\" srcset=\"https:\/\/soca-root-spirit.com\/wordpress\/wp-content\/uploads\/2025\/01\/20250104_161022-768x1449.jpg 768w, https:\/\/soca-root-spirit.com\/wordpress\/wp-content\/uploads\/2025\/01\/20250104_161022-159x300.jpg 159w, https:\/\/soca-root-spirit.com\/wordpress\/wp-content\/uploads\/2025\/01\/20250104_161022-543x1024.jpg 543w, https:\/\/soca-root-spirit.com\/wordpress\/wp-content\/uploads\/2025\/01\/20250104_161022-814x1536.jpg 814w, https:\/\/soca-root-spirit.com\/wordpress\/wp-content\/uploads\/2025\/01\/20250104_161022.jpg 1000w\" sizes=\"auto, (max-width: 640px) 100vw, 640px\" \/>        <\/a>\n        <figcaption class=\"filterable-portfolio-item__supporting-text\">\n            <h4 class=\"filterable-portfolio-item__title\">Ambientalna lu\u010dka &#8220;So\u0161ko \u010dudo&#8221;<\/h4>\n            <a href=\"https:\/\/soca-root-spirit.com\/wordpress\/index.php\/portfolio\/ambientalna-lucka-sosko-cudo\/\" rel=\"bookmark\"\n               class=\"button filterable-portfolio-item__action\">Details<\/a>\n        <\/figcaption>\n    <\/figure>\n<\/div>\n<div id=\"id-70\" class=\"filterable-portfolio-item portfolio-item grid xs12 s6 m4 l4\">\n    <figure class=\"filterable-portfolio-item__content\">\n        <a href=\"https:\/\/soca-root-spirit.com\/wordpress\/index.php\/portfolio\/ambientalna-lucka-svetloba-je-vmes\/\" rel=\"bookmark\" class=\"filterable-portfolio-item__media\">\n\t\t\t<img loading=\"lazy\" decoding=\"async\" width=\"640\" height=\"1023\" src=\"https:\/\/soca-root-spirit.com\/wordpress\/wp-content\/uploads\/2025\/01\/20250104_161248-768x1228.jpg\" class=\"attachment-medium_large size-medium_large\" alt=\"\" srcset=\"https:\/\/soca-root-spirit.com\/wordpress\/wp-content\/uploads\/2025\/01\/20250104_161248-768x1228.jpg 768w, https:\/\/soca-root-spirit.com\/wordpress\/wp-content\/uploads\/2025\/01\/20250104_161248-188x300.jpg 188w, https:\/\/soca-root-spirit.com\/wordpress\/wp-content\/uploads\/2025\/01\/20250104_161248-640x1024.jpg 640w, https:\/\/soca-root-spirit.com\/wordpress\/wp-content\/uploads\/2025\/01\/20250104_161248-961x1536.jpg 961w, https:\/\/soca-root-spirit.com\/wordpress\/wp-content\/uploads\/2025\/01\/20250104_161248.jpg 1000w\" sizes=\"auto, (max-width: 640px) 100vw, 640px\" \/>        <\/a>\n        <figcaption class=\"filterable-portfolio-item__supporting-text\">\n            <h4 class=\"filterable-portfolio-item__title\">Ambientalna lu\u010dka &#8220;Svetloba je vmes&#8221;<\/h4>\n            <a href=\"https:\/\/soca-root-spirit.com\/wordpress\/index.php\/portfolio\/ambientalna-lucka-svetloba-je-vmes\/\" rel=\"bookmark\"\n               class=\"button filterable-portfolio-item__action\">Details<\/a>\n        <\/figcaption>\n    <\/figure>\n<\/div>\n                <\/div>\n            <\/div>\n\t\t\t<\/code><\/pre>\n","protected":false},"excerpt":{"rendered":"","protected":false},"author":1,"featured_media":0,"parent":0,"menu_order":0,"comment_status":"closed","ping_status":"closed","template":"","meta":{"footnotes":""},"class_list":["post-15","page","type-page","status-publish","hentry"],"_links":{"self":[{"href":"https:\/\/soca-root-spirit.com\/wordpress\/index.php\/wp-json\/wp\/v2\/pages\/15","targetHints":{"allow":["GET"]}}],"collection":[{"href":"https:\/\/soca-root-spirit.com\/wordpress\/index.php\/wp-json\/wp\/v2\/pages"}],"about":[{"href":"https:\/\/soca-root-spirit.com\/wordpress\/index.php\/wp-json\/wp\/v2\/types\/page"}],"author":[{"embeddable":true,"href":"https:\/\/soca-root-spirit.com\/wordpress\/index.php\/wp-json\/wp\/v2\/users\/1"}],"replies":[{"embeddable":true,"href":"https:\/\/soca-root-spirit.com\/wordpress\/index.php\/wp-json\/wp\/v2\/comments?post=15"}],"version-history":[{"count":5,"href":"https:\/\/soca-root-spirit.com\/wordpress\/index.php\/wp-json\/wp\/v2\/pages\/15\/revisions"}],"predecessor-version":[{"id":79,"href":"https:\/\/soca-root-spirit.com\/wordpress\/index.php\/wp-json\/wp\/v2\/pages\/15\/revisions\/79"}],"wp:attachment":[{"href":"https:\/\/soca-root-spirit.com\/wordpress\/index.php\/wp-json\/wp\/v2\/media?parent=15"}],"curies":[{"name":"wp","href":"https:\/\/api.w.org\/{rel}","templated":true}]}}